{"id":22,"date":"2021-10-09T13:29:43","date_gmt":"2021-10-09T13:29:43","guid":{"rendered":"https:\/\/dev.corentin-sondaz.com\/?page_id=22"},"modified":"2021-10-09T14:30:55","modified_gmt":"2021-10-09T14:30:55","slug":"presentation","status":"publish","type":"page","link":"https:\/\/dev.corentin-sondaz.com\/index.php\/presentation\/","title":{"rendered":"Pr\u00e9sentation"},"content":{"rendered":"\n<div class=\"wp-block-media-text alignwide is-stacked-on-mobile\" style=\"grid-template-columns:39% auto\"><figure class=\"wp-block-media-text__media\"><img loading=\"lazy\" decoding=\"async\" width=\"321\" height=\"533\" src=\"https:\/\/dev.corentin-sondaz.com\/wp-content\/uploads\/2021\/10\/IMG_1669-HDR-3.jpg\" alt=\"\" class=\"wp-image-64 size-full\" srcset=\"https:\/\/dev.corentin-sondaz.com\/wp-content\/uploads\/2021\/10\/IMG_1669-HDR-3.jpg 321w, https:\/\/dev.corentin-sondaz.com\/wp-content\/uploads\/2021\/10\/IMG_1669-HDR-3-181x300.jpg 181w\" sizes=\"auto, (max-width: 321px) 100vw, 321px\" \/><\/figure><div class=\"wp-block-media-text__content\">\n<p class=\"has-large-font-size\"><strong>Corentin Sondaz<\/strong><\/p>\n\n\n\n<p class=\"has-medium-font-size\">Autodidacte depuis maintenant quelques ann\u00e9es, je me suis sp\u00e9cialis\u00e9 dans la photographie de lieux d\u00e9laiss\u00e9s, abandonn\u00e9s. Sans r\u00e9elle pr\u00e9dilection, j&rsquo;appr\u00e9cie aussi bien les friches industrielles que les biens r\u00e9sidentiels.&nbsp;<\/p>\n\n\n\n<p class=\"has-medium-font-size\">Je me d\u00e9place partout en France et, depuis peu, en Europe, pour capturer et retranscrire les ambiances de ces lieux \u00e0 l&rsquo;architecture parfois originale, ces lieux habituellement inaccessibles, ou r\u00e8gne en ma\u00eetre le silence.<\/p>\n\n\n\n<p class=\"has-medium-font-size\">Ne pouvant me contenter que de ce type de photographies, je m&rsquo;essaie aussi ponctuellement \u00e0 la photographie de paysages, natures, milieu urbain etc &#8230;<\/p>\n<\/div><\/div>\n\n\n\n<p><\/p>\n","protected":false},"excerpt":{"rendered":"<p>Corentin Sondaz Autodidacte depuis maintenant quelques ann\u00e9es, je me suis sp\u00e9cialis\u00e9 dans la photographie de lieux d\u00e9laiss\u00e9s, abandonn\u00e9s. Sans r\u00e9elle pr\u00e9dilection, j&rsquo;appr\u00e9cie aussi bien les friches industrielles que les biens r\u00e9sidentiels.&nbsp; Je me d\u00e9place partout en France et, depuis peu, en Europe, pour capturer et &hellip; <a href=\"https:\/\/dev.corentin-sondaz.com\/index.php\/presentation\/\" class=\"more-link\"><span>Continuer la lecture<span class=\"screen-reader-text\">Pr\u00e9sentation<\/span><\/span><\/a><\/p>\n","protected":false},"author":1,"featured_media":0,"parent":0,"menu_order":0,"comment_status":"closed","ping_status":"closed","template":"template-full-width.php","meta":{"spay_email":"","footnotes":""},"class_list":["post-22","page","type-page","status-publish","hentry"],"jetpack_sharing_enabled":true,"_links":{"self":[{"href":"https:\/\/dev.corentin-sondaz.com\/index.php\/wp-json\/wp\/v2\/pages\/22","targetHints":{"allow":["GET"]}}],"collection":[{"href":"https:\/\/dev.corentin-sondaz.com\/index.php\/wp-json\/wp\/v2\/pages"}],"about":[{"href":"https:\/\/dev.corentin-sondaz.com\/index.php\/wp-json\/wp\/v2\/types\/page"}],"author":[{"embeddable":true,"href":"https:\/\/dev.corentin-sondaz.com\/index.php\/wp-json\/wp\/v2\/users\/1"}],"replies":[{"embeddable":true,"href":"https:\/\/dev.corentin-sondaz.com\/index.php\/wp-json\/wp\/v2\/comments?post=22"}],"version-history":[{"count":0,"href":"https:\/\/dev.corentin-sondaz.com\/index.php\/wp-json\/wp\/v2\/pages\/22\/revisions"}],"wp:attachment":[{"href":"https:\/\/dev.corentin-sondaz.com\/index.php\/wp-json\/wp\/v2\/media?parent=22"}],"curies":[{"name":"wp","href":"https:\/\/api.w.org\/{rel}","templated":true}]}}