{"id":101,"date":"2021-10-09T16:41:34","date_gmt":"2021-10-09T16:41:34","guid":{"rendered":"https:\/\/dev.corentin-sondaz.com\/?page_id=101"},"modified":"2021-11-01T14:49:31","modified_gmt":"2021-11-01T14:49:31","slug":"gallerie","status":"publish","type":"page","link":"https:\/\/dev.corentin-sondaz.com\/","title":{"rendered":""},"content":{"rendered":"\n<div id=\"section-g762c14\" class=\"wp-block-gutentor-e6 alignfull section-g762c14 gutentor-element gutentor-element-image\"><div class=\"gutentor-element-image-box\"><div class=\"gutentor-bg-image\"><\/div><\/div><\/div>\n\n\n\n<section id=\"section-d984d8c3-245f-4f04-b3c3-897ec190a6ff\" class=\"wp-block-gutentor-advanced-columns alignfull gutentor-section gutentor-advanced-columns has-color-bg has-custom-bg\"><div class=\"grid-container\"><div class=\"grid-row\">\n<div id=\"section-949318e4-664a-4a8b-ad96-0bdf58418dc8\" class=\"wp-block-gutentor-single-column gutentor-single-column  grid-lg-5 grid-md-12 grid-12\">\n<div id=\"section-g18e1b7\" class=\"wp-block-gutentor-e6 section-g18e1b7 gutentor-element gutentor-element-image wow slideInUp\" data-wow-animation=\"slideInUp\"><div class=\"gutentor-element-image-box\"><div class=\"gutentor-image-thumb\"><img decoding=\"async\" class=\"normal-image\" src=\"http:\/\/dev.corentin-sondaz.com\/wp-content\/uploads\/2021\/11\/Loeil-de-Kronos-36.jpg\"\/><\/div><\/div><\/div>\n<\/div>\n\n\n\n<div id=\"section-14247a65-3f88-4ad4-8998-08de81c9a1b9\" class=\"wp-block-gutentor-single-column gutentor-single-column  grid-lg-7 grid-md-12 grid-12\">\n<section id=\"section-645bf296-5af4-4f07-954f-3a5a92ca6d99\" class=\"wp-block-gutentor-content-box gutentor-section gutentor-content-box-wrapper content-template1 text-left\"><div class=\"grid-container gutentor-rm-ct-space\"><div class=\"gutentor-block-header\"><div class=\"gutentor-section-title text-left wow animated undefined\"><h3 class=\"gutentor-title\"><strong>Bienvenue, <\/strong><\/h3><\/div><\/div><div class=\"grid-row gutentor-grid-item-wrap\"><div class=\"gutentor-grid-column grid-lg-12 grid-md-12 grid-12\"><div class=\"gutentor-single-item gutentor-single-item-0\"><div class=\"gutentor-single-item-wrap\"><div class=\"gutentor-single-item-content\"><h3 class=\"gutentor-single-item-title\"><\/h3><p class=\"gutentor-single-item-desc\">Je suis Corentin SONDAZ, photographe, originaire de Bourgogne. Passionn\u00e9 par la photographie du patrimoine b\u00e2ti et paysag\u00e9,  je sillonne la France depuis 2017 et plus r\u00e9cemment l\u2019Europe \u00e0 la recherche de lieux oubli\u00e9s, atypiques et charg\u00e9s d\u2019histoire. <br><br>Je joue avec les compositions architecturales qui se dessinent dans ces espaces, leurs ambiances, leurs formes g\u00e9om\u00e9triques afin de figer leur esprit et leur \u00e9tat dans le temps par la photographie.<br><\/p><a class=\"gutentor-button gutentor-single-item-button gutentor-icon-before\" href=\"index.php\/presentation\/\"><i class=\"gutentor-button-icon fas fa-angle-right\"><\/i><span>En savoir plus<\/span><\/a><\/div><\/div><\/div><\/div><\/div><\/div><\/section>\n<\/div>\n<\/div><\/div><\/section>\n\n\n\n<p><\/p>\n\n\n\n<section id=\"gm824c1d4\" class=\"wp-block-gutentor-m4 alignfull section-gm824c1d4 gutentor-module gutentor-advanced-columns gutentor-equal-column-height gutentor-enable-sticky-column\" data-top=\"0\" data-bottom=\"0\"><div class=\"grid-container\"><div class=\"grid-row\">\n<div id=\"col-gm056887\" class=\"wp-block-gutentor-m4-col col-gm056887 gutentor-single-column  grid-lg-1 grid-md-12 grid-12\"><div id=\"section-gm056887\" class=\"section-gm056887 gutentor-col-wrap\">\n<section id=\"section-a3366c0b-c42f-4654-9a34-0f789fbd8a79\" class=\"wp-block-gutentor-content-box alignfull gutentor-section gutentor-content-box-wrapper content-template1\"><div class=\"grid-container gutentor-rm-ct-space\"><div class=\"gutentor-block-header\"><div class=\"gutentor-section-title text-left wow animated undefined\"><h1 class=\"gutentor-title\"><strong>Feed Instagram<\/strong><\/h1><\/div><\/div><div class=\"grid-row gutentor-grid-item-wrap\"><div class=\"gutentor-grid-column grid-lg-12 grid-md-12 grid-12\"><div class=\"gutentor-single-item gutentor-single-item-0\"><div class=\"gutentor-single-item-wrap\"><div class=\"gutentor-single-item-content\"><p class=\"gutentor-single-item-desc\">Ces photographies ont \u00e9t\u00e9 publi\u00e9es r\u00e9cemment sur les r\u00e9seaux sociaux, elles peuvent \u00eatre retrouv\u00e9es dans le portefolio et prochainement dans l&rsquo;espace boutique<\/p><a class=\"gutentor-button gutentor-single-item-button gutentor-icon-before\" href=\"#\"><i class=\"gutentor-button-icon fas fa-angle-right\"><\/i><span>Portfolio<\/span><\/a><\/div><\/div><\/div><\/div><\/div><\/div><\/section>\n<\/div><\/div>\n\n\n\n<div id=\"col-gmb5a832\" class=\"wp-block-gutentor-m4-col col-gmb5a832 gutentor-single-column  grid-lg-11 grid-md-12 grid-12\"><div id=\"section-gmb5a832\" class=\"section-gmb5a832 gutentor-col-wrap\"><div class='jr-insta-thumb'>\r\n    <ul class='no-bullet thumbnails jr_col_4' id='wis-slides'>\r\n\t\t    <\/ul>\r\n<\/div>\n\n\n\n<p><\/p>\n<\/div><\/div>\n<\/div><\/div><\/section>\n","protected":false},"excerpt":{"rendered":"","protected":false},"author":1,"featured_media":0,"parent":0,"menu_order":0,"comment_status":"closed","ping_status":"closed","template":"template-gutentor-full-width.php","meta":{"spay_email":"","footnotes":""},"class_list":["post-101","page","type-page","status-publish","hentry"],"jetpack_sharing_enabled":true,"_links":{"self":[{"href":"https:\/\/dev.corentin-sondaz.com\/index.php\/wp-json\/wp\/v2\/pages\/101","targetHints":{"allow":["GET"]}}],"collection":[{"href":"https:\/\/dev.corentin-sondaz.com\/index.php\/wp-json\/wp\/v2\/pages"}],"about":[{"href":"https:\/\/dev.corentin-sondaz.com\/index.php\/wp-json\/wp\/v2\/types\/page"}],"author":[{"embeddable":true,"href":"https:\/\/dev.corentin-sondaz.com\/index.php\/wp-json\/wp\/v2\/users\/1"}],"replies":[{"embeddable":true,"href":"https:\/\/dev.corentin-sondaz.com\/index.php\/wp-json\/wp\/v2\/comments?post=101"}],"version-history":[{"count":104,"href":"https:\/\/dev.corentin-sondaz.com\/index.php\/wp-json\/wp\/v2\/pages\/101\/revisions"}],"predecessor-version":[{"id":562,"href":"https:\/\/dev.corentin-sondaz.com\/index.php\/wp-json\/wp\/v2\/pages\/101\/revisions\/562"}],"wp:attachment":[{"href":"https:\/\/dev.corentin-sondaz.com\/index.php\/wp-json\/wp\/v2\/media?parent=101"}],"curies":[{"name":"wp","href":"https:\/\/api.w.org\/{rel}","templated":true}]}}